{"id":12,"date":"2011-07-20T07:32:40","date_gmt":"2011-07-20T07:32:40","guid":{"rendered":"http:\/\/bertola-fils.ch\/site\/?page_id=12"},"modified":"2014-10-03T09:00:54","modified_gmt":"2014-10-03T07:00:54","slug":"references","status":"publish","type":"page","link":"http:\/\/www.bertola.ch\/site\/references\/","title":{"rendered":"R\u00e9f\u00e9rences"},"content":{"rendered":"<h3>Quelques r\u00e9f\u00e9rences&#8230;<\/h3>\n<table border=\"0\" width=\"820\" align=\"center\">\n<tbody>\n<tr>\n<td>\n<table border=\"0\" width=\"394\" cellspacing=\"0\" cellpadding=\"0\">\n<tbody>\n<tr>\n<td valign=\"top\" width=\"134\"><img decoding=\"async\" src=\"http:\/\/architectes.ch\/files\/file_id=12016\" alt=\"\" border=\"0\" \/><\/td>\n<td width=\"35\"><img decoding=\"async\" src=\"http:\/\/architectes.ch\/images\/spacer.gif\" alt=\"\" width=\"35\" height=\"1\" border=\"0\" \/><\/td>\n<td width=\"368\">\n<h3 class=\"nom_reference\"><a href=\"http:\/\/architectes.ch\/profile_view.php?addr_id=292&amp;Search[ptype]=Entreprise&amp;mod=presentation_detail&amp;pos=1&amp;presentation_id=1662\">R\u00e9sidences du Parc <\/a><\/h3>\n<p>Vevey &#8211; Vaud R\u00e9sidences &#8211; Locatifs &#8211; Banque &#8211; Administration &#8211; Commerce<\/td>\n<\/tr>\n<\/tbody>\n<\/table>\n<\/td>\n<td>\n<table border=\"0\" width=\"394\" cellspacing=\"0\" cellpadding=\"0\">\n<tbody>\n<tr>\n<td valign=\"top\" width=\"134\"><img decoding=\"async\" src=\"http:\/\/architectes.ch\/files\/file_id=12016\" alt=\"\" border=\"0\" \/><\/td>\n<td width=\"35\"><img decoding=\"async\" src=\"http:\/\/architectes.ch\/images\/spacer.gif\" alt=\"\" width=\"35\" height=\"1\" border=\"0\" \/><\/td>\n<td width=\"368\">\n<h3 class=\"nom_reference\"><a href=\"http:\/\/www.architectes.ch\/profile_view.php?addr_id=293&amp;Search[ptype]=Entreprise&amp;mod=presentation_detail&amp;pos=1&amp;presentation_id=2288\">Les Moulins<br \/>\nde la Veveyse<\/a><\/h3>\n<p>Morges &#8211; Vaud<br \/>\nR\u00e9sidences &#8211; Locatifs<\/td>\n<\/tr>\n<\/tbody>\n<\/table>\n<\/td>\n<\/tr>\n<tr>\n<td>\n<table border=\"0\" width=\"394\" cellspacing=\"0\" cellpadding=\"0\">\n<tbody>\n<tr>\n<td valign=\"top\" width=\"134\"><img decoding=\"async\" src=\"http:\/\/architectes.ch\/files\/file_id=9192\" alt=\"\" border=\"0\" \/><\/td>\n<td width=\"35\"><img decoding=\"async\" src=\"http:\/\/architectes.ch\/images\/spacer.gif\" alt=\"\" width=\"35\" height=\"1\" border=\"0\" \/><\/td>\n<td width=\"368\">\n<h3 class=\"nom_reference\"><a href=\"http:\/\/architectes.ch\/profile_view.php?addr_id=292&amp;Search[ptype]=Entreprise&amp;mod=presentation_detail&amp;pos=1&amp;presentation_id=1173\"> H\u00f4tel Novotel <\/a><\/h3>\n<p>Bussigny &#8211; Vaud R\u00e9novations &#8211; H\u00f4tellerie &#8211; Tourisme<\/td>\n<\/tr>\n<\/tbody>\n<\/table>\n<\/td>\n<td>\n<table border=\"0\" width=\"373\" cellspacing=\"0\" cellpadding=\"0\">\n<tbody>\n<tr>\n<td valign=\"top\" width=\"134\"><img decoding=\"async\" src=\"http:\/\/architectes.ch\/files\/file_id=9217\" alt=\"\" border=\"0\" \/><\/td>\n<td width=\"35\"><img decoding=\"async\" src=\"http:\/\/architectes.ch\/images\/spacer.gif\" alt=\"\" width=\"35\" height=\"1\" border=\"0\" \/><\/td>\n<td width=\"368\">\n<h3 class=\"nom_reference\"><a href=\"http:\/\/architectes.ch\/profile_view.php?addr_id=293&amp;mod=presentation_detail&amp;pos=1&amp;presentation_id=1181\"> Villa Victoria <\/a><\/h3>\n<p>Vevey &#8211; Vaud R\u00e9sidences &#8211; Locatifs<\/td>\n<\/tr>\n<\/tbody>\n<\/table>\n<\/td>\n<\/tr>\n<tr>\n<td>\n<table border=\"0\" width=\"100%\" cellspacing=\"0\" cellpadding=\"0\">\n<tbody>\n<tr>\n<td valign=\"top\" width=\"134\"><img decoding=\"async\" src=\"http:\/\/architectes.ch\/files\/file_id=8669\" alt=\"\" border=\"0\" \/><\/td>\n<td width=\"35\"><img decoding=\"async\" src=\"http:\/\/architectes.ch\/images\/spacer.gif\" alt=\"\" width=\"35\" height=\"1\" border=\"0\" \/><\/td>\n<td width=\"368\">\n<h3 class=\"nom_reference\"><a href=\"http:\/\/architectes.ch\/profile_view.php?addr_id=292&amp;Search[ptype]=Entreprise&amp;mod=presentation_detail&amp;pos=2&amp;presentation_id=1115\"> Lake Geneva Center <\/a><\/h3>\n<p>Morges &#8211; Vaud Banque &#8211; Administration &#8211; Commerce<\/td>\n<\/tr>\n<\/tbody>\n<\/table>\n<\/td>\n<td>\n<table border=\"0\" width=\"100%\" cellspacing=\"0\" cellpadding=\"0\">\n<tbody>\n<tr>\n<td valign=\"top\" width=\"134\"><img decoding=\"async\" src=\"http:\/\/architectes.ch\/files\/file_id=8014\" alt=\"\" border=\"0\" \/><\/td>\n<td width=\"35\"><img decoding=\"async\" src=\"http:\/\/architectes.ch\/images\/spacer.gif\" alt=\"\" width=\"35\" height=\"1\" border=\"0\" \/><\/td>\n<td width=\"368\">\n<h3 class=\"nom_reference\"><a href=\"http:\/\/architectes.ch\/profile_view.php?addr_id=293&amp;mod=presentation_detail&amp;pos=2&amp;presentation_id=1030\"> La Ruelle des Jardins <\/a><\/h3>\n<p>Perroy &#8211; Vaud R\u00e9sidences &#8211; Locatifs<\/td>\n<\/tr>\n<\/tbody>\n<\/table>\n<\/td>\n<\/tr>\n<tr>\n<td>\n<table border=\"0\" width=\"100%\" cellspacing=\"0\" cellpadding=\"0\">\n<tbody>\n<tr>\n<td valign=\"top\" width=\"134\"><img decoding=\"async\" src=\"http:\/\/architectes.ch\/files\/file_id=8027\" alt=\"\" border=\"0\" \/><\/td>\n<td width=\"35\"><img decoding=\"async\" src=\"http:\/\/architectes.ch\/images\/spacer.gif\" alt=\"\" width=\"35\" height=\"1\" border=\"0\" \/><\/td>\n<td width=\"368\">\n<h3 class=\"nom_reference\"><a href=\"http:\/\/architectes.ch\/profile_view.php?addr_id=292&amp;Search[ptype]=Entreprise&amp;mod=presentation_detail&amp;pos=3&amp;presentation_id=1035\"> Les Balcons de Vallombreuse <\/a><\/h3>\n<p>Lausanne &#8211; Vaud R\u00e9sidences &#8211; Locatifs<\/td>\n<\/tr>\n<\/tbody>\n<\/table>\n<\/td>\n<td>\n<table border=\"0\" width=\"100%\" cellspacing=\"0\" cellpadding=\"0\">\n<tbody>\n<tr>\n<td valign=\"top\" width=\"134\"><img decoding=\"async\" src=\"http:\/\/architectes.ch\/files\/file_id=7260\" alt=\"\" border=\"0\" \/><\/td>\n<td width=\"35\"><img decoding=\"async\" src=\"http:\/\/architectes.ch\/images\/spacer.gif\" alt=\"\" width=\"35\" height=\"1\" border=\"0\" \/><\/td>\n<td width=\"368\">\n<h3 class=\"nom_reference\"><a href=\"http:\/\/architectes.ch\/profile_view.php?addr_id=293&amp;mod=presentation_detail&amp;pos=3&amp;presentation_id=938\"> La Praz &#8211; Centre commercial <\/a><\/h3>\n<p>Cugy &#8211; Vaud Banque &#8211; Administration &#8211; Commerce<\/td>\n<\/tr>\n<\/tbody>\n<\/table>\n<\/td>\n<\/tr>\n<tr>\n<td>\n<table border=\"0\" width=\"100%\" cellspacing=\"0\" cellpadding=\"0\">\n<tbody>\n<tr>\n<td valign=\"top\" width=\"134\"><img decoding=\"async\" src=\"http:\/\/architectes.ch\/files\/file_id=6895\" alt=\"\" border=\"0\" \/><\/td>\n<td width=\"35\"><img decoding=\"async\" src=\"http:\/\/architectes.ch\/images\/spacer.gif\" alt=\"\" width=\"35\" height=\"1\" border=\"0\" \/><\/td>\n<td width=\"368\">\n<h3 class=\"nom_reference\"><a href=\"http:\/\/architectes.ch\/profile_view.php?addr_id=293&amp;mod=presentation_detail&amp;pos=4&amp;presentation_id=886\"> Ch\u00e2teau-Sec 7 <\/a><\/h3>\n<p>Pully &#8211; Vaud R\u00e9sidences &#8211; Locatifs<\/td>\n<\/tr>\n<\/tbody>\n<\/table>\n<\/td>\n<td>\n<table border=\"0\" width=\"100%\" cellspacing=\"0\" cellpadding=\"0\">\n<tbody>\n<tr>\n<td valign=\"top\" width=\"134\"><img decoding=\"async\" src=\"http:\/\/architectes.ch\/files\/file_id=4976\" alt=\"\" border=\"0\" \/><\/td>\n<td width=\"35\"><img decoding=\"async\" src=\"http:\/\/architectes.ch\/images\/spacer.gif\" alt=\"\" width=\"35\" height=\"1\" border=\"0\" \/><\/td>\n<td width=\"368\">\n<h3 class=\"nom_reference\"><a href=\"http:\/\/architectes.ch\/profile_view.php?addr_id=292&amp;Search[ptype]=Entreprise&amp;mod=presentation_detail&amp;pos=5&amp;presentation_id=760\"> Au Marais <\/a><\/h3>\n<p>Bursins &#8211; Vaud R\u00e9sidences &#8211; Locatifs<\/td>\n<\/tr>\n<\/tbody>\n<\/table>\n<\/td>\n<\/tr>\n<tr>\n<td>\n<table border=\"0\" width=\"100%\" cellspacing=\"0\" cellpadding=\"0\">\n<tbody>\n<tr>\n<td valign=\"top\" width=\"134\"><img decoding=\"async\" src=\"http:\/\/architectes.ch\/files\/file_id=5534\" alt=\"\" border=\"0\" \/><\/td>\n<td width=\"35\"><img decoding=\"async\" src=\"http:\/\/architectes.ch\/images\/spacer.gif\" alt=\"\" width=\"35\" height=\"1\" border=\"0\" \/><\/td>\n<td width=\"368\">\n<h3 class=\"nom_reference\"><a href=\"http:\/\/architectes.ch\/profile_view.php?addr_id=292&amp;Search[ptype]=Entreprise&amp;mod=presentation_detail&amp;pos=4&amp;presentation_id=792\"> Les Laurelles B <\/a><\/h3>\n<p>Cossonay-Ville &#8211; Vaud R\u00e9sidences &#8211; Locatifs<\/td>\n<\/tr>\n<\/tbody>\n<\/table>\n<\/td>\n<td>\n<table border=\"0\" width=\"100%\" cellspacing=\"0\" cellpadding=\"0\">\n<tbody>\n<tr>\n<td valign=\"top\" width=\"134\"><img decoding=\"async\" src=\"http:\/\/architectes.ch\/files\/file_id=5398\" alt=\"\" border=\"0\" \/><\/td>\n<td width=\"35\"><img decoding=\"async\" src=\"http:\/\/architectes.ch\/images\/spacer.gif\" alt=\"\" width=\"35\" height=\"1\" border=\"0\" \/><\/td>\n<td width=\"368\">\n<h3 class=\"nom_reference\"><a href=\"http:\/\/architectes.ch\/profile_view.php?addr_id=293&amp;mod=presentation_detail&amp;pos=5&amp;presentation_id=786\"> R\u00e9sidence Les Tournesols <\/a><\/h3>\n<p>Cossonay &#8211; Vaud R\u00e9sidences &#8211; Locatifs<\/td>\n<\/tr>\n<\/tbody>\n<\/table>\n<\/td>\n<\/tr>\n<tr>\n<td>\n<table border=\"0\" width=\"100%\" cellspacing=\"0\" cellpadding=\"0\">\n<tbody>\n<tr>\n<td valign=\"top\" width=\"134\"><img decoding=\"async\" src=\"http:\/\/architectes.ch\/files\/file_id=3960\" alt=\"\" border=\"0\" \/><\/td>\n<td width=\"35\"><img decoding=\"async\" src=\"http:\/\/architectes.ch\/images\/spacer.gif\" alt=\"\" width=\"35\" height=\"1\" border=\"0\" \/><\/td>\n<td width=\"368\">\n<h3 class=\"nom_reference\"><a href=\"http:\/\/architectes.ch\/profile_view.php?addr_id=293&amp;mod=presentation_detail&amp;pos=6&amp;presentation_id=652\"> Les Ceps de Vignes <\/a><\/h3>\n<p>1162 St-Prex &#8211; Vaud R\u00e9sidences &#8211; Locatifs<\/td>\n<\/tr>\n<\/tbody>\n<\/table>\n<\/td>\n<td>\n<table border=\"0\" width=\"100%\" cellspacing=\"0\" cellpadding=\"0\">\n<tbody>\n<tr>\n<td valign=\"top\" width=\"134\"><img decoding=\"async\" src=\"http:\/\/architectes.ch\/files\/file_id=3025\" alt=\"\" border=\"0\" \/><\/td>\n<td width=\"35\"><img decoding=\"async\" src=\"http:\/\/architectes.ch\/images\/spacer.gif\" alt=\"\" width=\"35\" height=\"1\" border=\"0\" \/><\/td>\n<td width=\"368\">\n<h3 class=\"nom_reference\"><a href=\"http:\/\/architectes.ch\/profile_view.php?addr_id=293&amp;mod=presentation_detail&amp;pos=7&amp;presentation_id=571\"> \u00ab\u00a0Les Platanes C\u00a0\u00bb <\/a><\/h3>\n<p>Prilly &#8211; Vaud R\u00e9sidences &#8211; Locatifs<\/td>\n<\/tr>\n<\/tbody>\n<\/table>\n<\/td>\n<\/tr>\n<tr>\n<td>\n<table border=\"0\" width=\"100%\" cellspacing=\"0\" cellpadding=\"0\">\n<tbody>\n<tr>\n<td valign=\"top\" width=\"134\"><img decoding=\"async\" src=\"http:\/\/architectes.ch\/files\/file_id=1844\" alt=\"\" border=\"0\" \/><\/td>\n<td width=\"35\"><img decoding=\"async\" src=\"http:\/\/architectes.ch\/images\/spacer.gif\" alt=\"\" width=\"35\" height=\"1\" border=\"0\" \/><\/td>\n<td width=\"368\">\n<h3 class=\"nom_reference\"><a href=\"http:\/\/architectes.ch\/profile_view.php?addr_id=292&amp;Search[ptype]=Entreprise&amp;mod=presentation_detail&amp;pos=6&amp;presentation_id=543\"> Industrie 20-22 <\/a><\/h3>\n<p>Bussigny-pr\u00e8s-Lausanne &#8211; Vaud R\u00e9sidences &#8211; Locatifs<\/td>\n<\/tr>\n<\/tbody>\n<\/table>\n<\/td>\n<td>\n<table border=\"0\" width=\"100%\" cellspacing=\"0\" cellpadding=\"0\">\n<tbody>\n<tr>\n<td valign=\"top\" width=\"134\"><img decoding=\"async\" src=\"http:\/\/architectes.ch\/files\/file_id=2165\" alt=\"\" border=\"0\" \/><\/td>\n<td width=\"35\"><img decoding=\"async\" src=\"http:\/\/architectes.ch\/images\/spacer.gif\" alt=\"\" width=\"35\" height=\"1\" border=\"0\" \/><\/td>\n<td width=\"368\">\n<h3 class=\"nom_reference\"><a href=\"http:\/\/architectes.ch\/profile_view.php?addr_id=293&amp;mod=presentation_detail&amp;pos=8&amp;presentation_id=544\"> Rue Neuve &#8211; Les Chavannes <\/a><\/h3>\n<p>1304 Cossonay &#8211; Vaud Banque &#8211; Administration &#8211; Commerce &#8211; R\u00e9sidences &#8211; Locatifs<\/td>\n<\/tr>\n<\/tbody>\n<\/table>\n<\/td>\n<\/tr>\n<tr>\n<td>\n<table border=\"0\" width=\"100%\" cellspacing=\"0\" cellpadding=\"0\">\n<tbody>\n<tr>\n<td valign=\"top\" width=\"134\"><img decoding=\"async\" src=\"http:\/\/architectes.ch\/files\/file_id=1653\" alt=\"\" border=\"0\" \/><\/td>\n<td width=\"35\"><img decoding=\"async\" src=\"http:\/\/architectes.ch\/images\/spacer.gif\" alt=\"\" width=\"35\" height=\"1\" border=\"0\" \/><\/td>\n<td width=\"368\">\n<h3 class=\"nom_reference\"><a href=\"http:\/\/architectes.ch\/profile_view.php?addr_id=292&amp;Search[ptype]=Entreprise&amp;mod=presentation_detail&amp;pos=7&amp;presentation_id=498\"> Immeuble d&rsquo;habitation \u00ab\u00a0En Cojonnex\u00a0\u00bb <\/a><\/h3>\n<p>Blonay &#8211; Vaud R\u00e9sidences &#8211; Locatifs<\/td>\n<\/tr>\n<\/tbody>\n<\/table>\n<\/td>\n<td>\n<table border=\"0\" width=\"100%\" cellspacing=\"0\" cellpadding=\"0\">\n<tbody>\n<tr>\n<td valign=\"top\" width=\"134\"><img decoding=\"async\" src=\"http:\/\/architectes.ch\/files\/file_id=1618\" alt=\"\" border=\"0\" \/><\/td>\n<td width=\"35\"><img decoding=\"async\" src=\"http:\/\/architectes.ch\/images\/spacer.gif\" alt=\"\" width=\"35\" height=\"1\" border=\"0\" \/><\/td>\n<td width=\"368\">\n<h3 class=\"nom_reference\"><a href=\"http:\/\/architectes.ch\/profile_view.php?addr_id=292&amp;Search[ptype]=Entreprise&amp;mod=presentation_detail&amp;pos=8&amp;presentation_id=55\"> Gymnase de Marcelin <\/a><\/h3>\n<p>Morges &#8211; Vaud Ecole &#8211; Eglise<\/td>\n<\/tr>\n<\/tbody>\n<\/table>\n<\/td>\n<\/tr>\n<tr>\n<td>\n<table border=\"0\" width=\"100%\" cellspacing=\"0\" cellpadding=\"0\">\n<tbody>\n<tr>\n<td valign=\"top\" width=\"134\"><img decoding=\"async\" src=\"http:\/\/architectes.ch\/files\/file_id=4735\" alt=\"\" border=\"0\" \/><\/td>\n<td width=\"35\"><img decoding=\"async\" src=\"http:\/\/architectes.ch\/images\/spacer.gif\" alt=\"\" width=\"35\" height=\"1\" border=\"0\" \/><\/td>\n<td width=\"368\">\n<h3 class=\"nom_reference\"><a href=\"http:\/\/architectes.ch\/profile_view.php?addr_id=292&amp;Search[ptype]=Entreprise&amp;mod=presentation_detail&amp;pos=9&amp;presentation_id=223\"> Immeubles \u00ab\u00a0Les Platanes\u00a0\u00bb <\/a><\/h3>\n<p>Prilly &#8211; Vaud R\u00e9sidences &#8211; Locatifs<\/td>\n<\/tr>\n<\/tbody>\n<\/table>\n<\/td>\n<td>\n<table border=\"0\" width=\"100%\" cellspacing=\"0\" cellpadding=\"0\">\n<tbody>\n<tr>\n<td valign=\"top\" width=\"134\"><img decoding=\"async\" src=\"http:\/\/architectes.ch\/files\/file_id=4745\" alt=\"\" border=\"0\" \/><\/td>\n<td width=\"35\"><img decoding=\"async\" src=\"http:\/\/architectes.ch\/images\/spacer.gif\" alt=\"\" width=\"35\" height=\"1\" border=\"0\" \/><\/td>\n<td width=\"368\">\n<h3 class=\"nom_reference\"><a href=\"http:\/\/architectes.ch\/profile_view.php?addr_id=293&amp;mod=presentation_detail&amp;pos=9&amp;presentation_id=211\"> CPEV Morges <\/a><\/h3>\n<p>Morges &#8211; Vaud Banque &#8211; Administration &#8211; Commerce<\/td>\n<\/tr>\n<\/tbody>\n<\/table>\n<\/td>\n<\/tr>\n<tr>\n<td>\n<table border=\"0\" width=\"100%\" cellspacing=\"0\" cellpadding=\"0\">\n<tbody>\n<tr>\n<td valign=\"top\" width=\"134\"><img decoding=\"async\" src=\"http:\/\/architectes.ch\/files\/file_id=4771\" alt=\"\" border=\"0\" \/><\/td>\n<td width=\"35\"><img decoding=\"async\" src=\"http:\/\/architectes.ch\/images\/spacer.gif\" alt=\"\" width=\"35\" height=\"1\" border=\"0\" \/><\/td>\n<td width=\"368\">\n<h3 class=\"nom_reference\"><a href=\"http:\/\/architectes.ch\/profile_view.php?addr_id=292&amp;Search[ptype]=Entreprise&amp;mod=presentation_detail&amp;pos=10&amp;presentation_id=159\"> Rue de la Savonnerie \/ Rue Neuve <\/a><\/h3>\n<p>Renens &#8211; Vaud R\u00e9sidences &#8211; Locatifs<\/td>\n<\/tr>\n<\/tbody>\n<\/table>\n<\/td>\n<td>\n<table border=\"0\" width=\"100%\" cellspacing=\"0\" cellpadding=\"0\">\n<tbody>\n<tr>\n<td valign=\"top\" width=\"134\"><img decoding=\"async\" src=\"http:\/\/architectes.ch\/files\/file_id=6433\" alt=\"\" border=\"0\" \/><\/td>\n<td width=\"35\"><img decoding=\"async\" src=\"http:\/\/architectes.ch\/images\/spacer.gif\" alt=\"\" width=\"35\" height=\"1\" border=\"0\" \/><\/td>\n<td width=\"368\">\n<h3 class=\"nom_reference\"><a href=\"http:\/\/architectes.ch\/profile_view.php?addr_id=293&amp;mod=presentation_detail&amp;pos=10&amp;presentation_id=432\"> Quartier d&rsquo;Hab. Les Terrailles <\/a><\/h3>\n<p>Cossonay-Ville &#8211; Vaud R\u00e9sidences &#8211; Locatifs<\/td>\n<\/tr>\n<\/tbody>\n<\/table>\n<\/td>\n<\/tr>\n<tr>\n<td>\n<table border=\"0\" width=\"100%\" cellspacing=\"0\" cellpadding=\"0\">\n<tbody>\n<tr>\n<td valign=\"top\" width=\"134\"><img decoding=\"async\" src=\"http:\/\/architectes.ch\/files\/file_id=6388\" alt=\"\" border=\"0\" \/><\/td>\n<td width=\"35\"><img decoding=\"async\" src=\"http:\/\/architectes.ch\/images\/spacer.gif\" alt=\"\" width=\"35\" height=\"1\" border=\"0\" \/><\/td>\n<td width=\"368\">\n<h3 class=\"nom_reference\"><a href=\"http:\/\/architectes.ch\/profile_view.php?addr_id=292&amp;Search[ptype]=Entreprise&amp;mod=presentation_detail&amp;pos=11&amp;presentation_id=321\"> Institution M\u00e9dico-Educative l&rsquo;Esp\u00e9rance <\/a><\/h3>\n<p>Etoy &#8211; Vaud Etablissements m\u00e9dicaux<\/td>\n<\/tr>\n<\/tbody>\n<\/table>\n<\/td>\n<td>\n<table border=\"0\" width=\"100%\" cellspacing=\"0\" cellpadding=\"0\">\n<tbody>\n<tr>\n<td valign=\"top\" width=\"134\"><img decoding=\"async\" src=\"http:\/\/architectes.ch\/files\/file_id=6384\" alt=\"\" border=\"0\" \/><\/td>\n<td width=\"35\"><img decoding=\"async\" src=\"http:\/\/architectes.ch\/images\/spacer.gif\" alt=\"\" width=\"35\" height=\"1\" border=\"0\" \/><\/td>\n<td width=\"368\">\n<h3 class=\"nom_reference\"><a href=\"http:\/\/architectes.ch\/profile_view.php?addr_id=293&amp;mod=presentation_detail&amp;pos=11&amp;presentation_id=457\"> Manufacture Jaeger-Lecoultre <\/a><\/h3>\n<p>Le Sentier &#8211; Vaud Industrie &#8211; Artisanat<\/td>\n<\/tr>\n<\/tbody>\n<\/table>\n<\/td>\n<\/tr>\n<tr>\n<td><\/td>\n<td><\/td>\n<\/tr>\n<\/tbody>\n<\/table>\n","protected":false},"excerpt":{"rendered":"<p>Quelques r\u00e9f\u00e9rences&#8230; R\u00e9sidences du Parc Vevey &#8211; Vaud R\u00e9sidences &#8211; Locatifs &#8211; Banque &#8211; Administration &#8211; Commerce Les Moulins de la Veveyse Morges &#8211; Vaud R\u00e9sidences &#8211; Locatifs H\u00f4tel Novotel Bussigny &#8211; Vaud R\u00e9novations &#8211; H\u00f4tellerie &#8211; Tourisme Villa Victoria Vevey &#8211; Vaud R\u00e9sidences &#8211; Locatifs Lake Geneva Center Morges &#8211; Vaud Banque &#8211; Administration [&hellip;]<\/p>\n","protected":false},"author":1,"featured_media":0,"parent":0,"menu_order":0,"comment_status":"closed","ping_status":"open","template":"","meta":{"om_disable_all_campaigns":false,"_monsterinsights_skip_tracking":false,"_monsterinsights_sitenote_active":false,"_monsterinsights_sitenote_note":"","_monsterinsights_sitenote_category":0,"footnotes":""},"aioseo_notices":[],"jetpack_sharing_enabled":true,"_links":{"self":[{"href":"http:\/\/www.bertola.ch\/site\/wp-json\/wp\/v2\/pages\/12"}],"collection":[{"href":"http:\/\/www.bertola.ch\/site\/wp-json\/wp\/v2\/pages"}],"about":[{"href":"http:\/\/www.bertola.ch\/site\/wp-json\/wp\/v2\/types\/page"}],"author":[{"embeddable":true,"href":"http:\/\/www.bertola.ch\/site\/wp-json\/wp\/v2\/users\/1"}],"replies":[{"embeddable":true,"href":"http:\/\/www.bertola.ch\/site\/wp-json\/wp\/v2\/comments?post=12"}],"version-history":[{"count":11,"href":"http:\/\/www.bertola.ch\/site\/wp-json\/wp\/v2\/pages\/12\/revisions"}],"predecessor-version":[{"id":240,"href":"http:\/\/www.bertola.ch\/site\/wp-json\/wp\/v2\/pages\/12\/revisions\/240"}],"wp:attachment":[{"href":"http:\/\/www.bertola.ch\/site\/wp-json\/wp\/v2\/media?parent=12"}],"curies":[{"name":"wp","href":"https:\/\/api.w.org\/{rel}","templated":true}]}}