{"id":18,"date":"2011-07-20T07:32:59","date_gmt":"2011-07-20T07:32:59","guid":{"rendered":"http:\/\/bertola-fils.ch\/site\/?page_id=18"},"modified":"2011-11-30T16:12:42","modified_gmt":"2011-11-30T14:12:42","slug":"securite","status":"publish","type":"page","link":"https:\/\/www.bertola.ch\/site\/securite\/","title":{"rendered":"S\u00e9curit\u00e9"},"content":{"rendered":"<h3>S\u00e9curit\u00e9<\/h3>\n<p align=\"justify\">L&rsquo;entreprise <strong>Bertola <\/strong>participe activement au programme de \u00ab\u00a0<strong>Syst\u00e8me de Management et S\u00e9curit\u00e9 au Travail<\/strong>\u00ab\u00a0, dans le but de r\u00e9pondre aux exigences de la directive MSST en mati\u00e8re de Pr\u00e9vention des accidents et maladies professionnels.<\/p>\n<p>Le \u00ab\u00a0Syst\u00e8me de Management et S\u00e9curit\u00e9 au Travail\u00a0\u00bb par <strong>MSV Formation<\/strong> donne, \u00e0 l&rsquo;ensemble de notre personnel, une formation technique approfondie.<\/p>\n<p align=\"justify\">Le \u00ab\u00a0Syst\u00e8me de Management et S\u00e9curit\u00e9 au Travail\u00a0\u00bb par MSV Formation assure que les principes directeurs de la SUVA (organe de contr\u00f4le) et du Groupement Romand de M\u00e9decine, d&rsquo;Hygi\u00e8ne et de S\u00e9curit\u00e9 du Travail (GRMHST), soient suivis et respect\u00e9s, par des audits r\u00e9guliers sur les chantiers et les places de travail de l&rsquo;entreprise.<\/p>\n<p align=\"justify\">La collaboration entre Bertola et MSV Formation est en place <strong>depuis 2001<\/strong> et a bien \u00e9t\u00e9 men\u00e9e \u00e9tant donn\u00e9 que le nombre d&rsquo;accidents a fortement baiss\u00e9 ces derni\u00e8res ann\u00e9es.<\/p>\n<p>Chaque ann\u00e9e, plusieurs cours obligatoires sur la s\u00e9curit\u00e9 sont organis\u00e9s au sein de l&rsquo;entreprise avec pour but <strong>Z\u00e9ro Accident<\/strong>. <strong>Informations<\/strong>:<\/p>\n<p class=\"MsoNormal\" style=\"text-align: left;\" align=\"justify\">MSV Formation S\u00e0rl<br \/>\nEn Budron B10<br \/>\n1052 Le Mont-sur-Lausanne<br \/>\nT\u00e9l.: 021 657 10 33<\/p>\n<p>Email: <a href=\"mailto:info@msvformation.ch\">info@msvformation.ch<br \/>\n<\/a>Site: <a href=\"http:\/\/www.msvformation.ch\" target=\"_blank\">www.msvformation.ch<\/a><\/p>\n","protected":false},"excerpt":{"rendered":"<p>S\u00e9curit\u00e9 L&rsquo;entreprise Bertola participe activement au programme de \u00ab\u00a0Syst\u00e8me de Management et S\u00e9curit\u00e9 au Travail\u00ab\u00a0, dans le but de r\u00e9pondre aux exigences de la directive MSST en mati\u00e8re de Pr\u00e9vention des accidents et maladies professionnels. Le \u00ab\u00a0Syst\u00e8me de Management et S\u00e9curit\u00e9 au Travail\u00a0\u00bb par MSV Formation donne, \u00e0 l&rsquo;ensemble de notre personnel, une formation technique [&hellip;]<\/p>\n","protected":false},"author":1,"featured_media":0,"parent":0,"menu_order":0,"comment_status":"closed","ping_status":"open","template":"","meta":{"om_disable_all_campaigns":false,"_monsterinsights_skip_tracking":false,"_monsterinsights_sitenote_active":false,"_monsterinsights_sitenote_note":"","_monsterinsights_sitenote_category":0,"footnotes":""},"aioseo_notices":[],"jetpack_sharing_enabled":true,"_links":{"self":[{"href":"https:\/\/www.bertola.ch\/site\/wp-json\/wp\/v2\/pages\/18"}],"collection":[{"href":"https:\/\/www.bertola.ch\/site\/wp-json\/wp\/v2\/pages"}],"about":[{"href":"https:\/\/www.bertola.ch\/site\/wp-json\/wp\/v2\/types\/page"}],"author":[{"embeddable":true,"href":"https:\/\/www.bertola.ch\/site\/wp-json\/wp\/v2\/users\/1"}],"replies":[{"embeddable":true,"href":"https:\/\/www.bertola.ch\/site\/wp-json\/wp\/v2\/comments?post=18"}],"version-history":[{"count":8,"href":"https:\/\/www.bertola.ch\/site\/wp-json\/wp\/v2\/pages\/18\/revisions"}],"predecessor-version":[{"id":49,"href":"https:\/\/www.bertola.ch\/site\/wp-json\/wp\/v2\/pages\/18\/revisions\/49"}],"wp:attachment":[{"href":"https:\/\/www.bertola.ch\/site\/wp-json\/wp\/v2\/media?parent=18"}],"curies":[{"name":"wp","href":"https:\/\/api.w.org\/{rel}","templated":true}]}}