{"id":9,"date":"2011-07-20T07:32:31","date_gmt":"2011-07-20T07:32:31","guid":{"rendered":"http:\/\/bertola-fils.ch\/site\/?page_id=9"},"modified":"2018-03-27T16:42:25","modified_gmt":"2018-03-27T14:42:25","slug":"entreprise","status":"publish","type":"page","link":"https:\/\/www.bertola.ch\/site\/entreprise\/","title":{"rendered":"Entreprise"},"content":{"rendered":"<h3>L&rsquo;entreprise Bertola<\/h3>\n<p>Implant\u00e9e en Pays de Vaud depuis 1898, Bertola Construction SA a enjamb\u00e9 all\u00e8grement deux si\u00e8cles. Aujourd&rsquo;hui, la quatri\u00e8me g\u00e9n\u00e9ration des Bertola assume avec dynamisme la p\u00e9rennit\u00e9 de la soci\u00e9t\u00e9 active dans le b\u00e2timent.<\/p>\n<p>Fort de 85\u00a0collaborateurs, Bertola Construction SA est dirig\u00e9e par Jean-Claude Bertola et Jos\u00e9 Dias-Bertola. A la fois entreprise de ma\u00e7onnerie et entreprise g\u00e9n\u00e9rale, la soci\u00e9t\u00e9 est active non seulement dans le district de Cossonay o\u00f9 elle a ses racines, mais \u00e9galement \u00e0 travers tout le canton.<\/p>\n<p>Elle compte \u00e0 son actif nombre d&rsquo;ouvrages reconnus, dont l&rsquo;usine \u00e9lectrique du Day aux Cl\u00e9es ou l&rsquo;extension du P\u00e9nitencier de Bochuz entre 1975 et 1979, ainsi que des coll\u00e8ges, salles de gymnastique, administratifs et locatifs.<\/p>\n<p>Entreprise \u00e0 l&rsquo;avant-garde, jouissant d&rsquo;une solide renomm\u00e9e aupr\u00e8s des ma\u00eetres d&rsquo;\u0153uvre et architectes, Bertola Construction SA donne une impulsion tr\u00e8s profitable \u00e0 toute la r\u00e9gion.<\/p>\n<h3><span style=\"color: #ffcc00;\"><strong><span style=\"color: #ff6600;\">Activit\u00e9s principales<\/span><\/strong><\/span><\/h3>\n<p><strong><span class=\"Apple-style-span\">Ma\u00e7onnerie, B\u00e9ton Arm\u00e9<br \/>\n<\/span><span class=\"Apple-style-span\">G\u00e9nie civil<\/span><\/strong><\/p>\n","protected":false},"excerpt":{"rendered":"<p>L&rsquo;entreprise Bertola Implant\u00e9e en Pays de Vaud depuis 1898, Bertola Construction SA a enjamb\u00e9 all\u00e8grement deux si\u00e8cles. Aujourd&rsquo;hui, la quatri\u00e8me g\u00e9n\u00e9ration des Bertola assume avec dynamisme la p\u00e9rennit\u00e9 de la soci\u00e9t\u00e9 active dans le b\u00e2timent. Fort de 85\u00a0collaborateurs, Bertola Construction SA est dirig\u00e9e par Jean-Claude Bertola et Jos\u00e9 Dias-Bertola. A la fois entreprise de ma\u00e7onnerie [&hellip;]<\/p>\n","protected":false},"author":1,"featured_media":0,"parent":0,"menu_order":0,"comment_status":"closed","ping_status":"open","template":"","meta":{"om_disable_all_campaigns":false,"_monsterinsights_skip_tracking":false,"_monsterinsights_sitenote_active":false,"_monsterinsights_sitenote_note":"","_monsterinsights_sitenote_category":0,"footnotes":""},"aioseo_notices":[],"jetpack_sharing_enabled":true,"_links":{"self":[{"href":"https:\/\/www.bertola.ch\/site\/wp-json\/wp\/v2\/pages\/9"}],"collection":[{"href":"https:\/\/www.bertola.ch\/site\/wp-json\/wp\/v2\/pages"}],"about":[{"href":"https:\/\/www.bertola.ch\/site\/wp-json\/wp\/v2\/types\/page"}],"author":[{"embeddable":true,"href":"https:\/\/www.bertola.ch\/site\/wp-json\/wp\/v2\/users\/1"}],"replies":[{"embeddable":true,"href":"https:\/\/www.bertola.ch\/site\/wp-json\/wp\/v2\/comments?post=9"}],"version-history":[{"count":22,"href":"https:\/\/www.bertola.ch\/site\/wp-json\/wp\/v2\/pages\/9\/revisions"}],"predecessor-version":[{"id":492,"href":"https:\/\/www.bertola.ch\/site\/wp-json\/wp\/v2\/pages\/9\/revisions\/492"}],"wp:attachment":[{"href":"https:\/\/www.bertola.ch\/site\/wp-json\/wp\/v2\/media?parent=9"}],"curies":[{"name":"wp","href":"https:\/\/api.w.org\/{rel}","templated":true}]}}